{"id":338,"date":"2024-02-07T10:46:37","date_gmt":"2024-02-07T10:46:37","guid":{"rendered":"https:\/\/b-c-u.com\/?page_id=338"},"modified":"2024-04-12T15:35:32","modified_gmt":"2024-04-12T14:35:32","slug":"de-fachsprachprufung-medizin-fsp","status":"publish","type":"page","link":"https:\/\/b-c-u.com\/index.php\/de-fachsprachprufung-medizin-fsp\/","title":{"rendered":"Fachsprachpr\u00fcfung Medizin (FSP)"},"content":{"rendered":"\t\t<div data-elementor-type=\"wp-page\" data-elementor-id=\"338\" class=\"elementor elementor-338\">\n\t\t\t\t\t\t<section class=\"elementor-section elementor-top-section elementor-element elementor-element-31d7d661 elementor-section-boxed elementor-section-height-default elementor-section-height-default\" data-id=\"31d7d661\" data-element_type=\"section\">\n\t\t\t\t\t\t<div class=\"elementor-container elementor-column-gap-default\">\n\t\t\t\t\t<div class=\"aux-parallax-section elementor-column elementor-col-100 elementor-top-column elementor-element elementor-element-37fb05ca\" data-id=\"37fb05ca\" data-element_type=\"column\">\n\t\t\t<div class=\"elementor-widget-wrap elementor-element-populated\">\n\t\t\t\t\t\t<div class=\"elementor-element elementor-element-73eb813c elementor-position-top elementor-widget elementor-widget-image-box\" data-id=\"73eb813c\" data-element_type=\"widget\" data-widget_type=\"image-box.default\">\n\t\t\t\t<div class=\"elementor-widget-container\">\n\t\t\t<div class=\"elementor-image-box-wrapper\"><figure class=\"elementor-image-box-img\"><img fetchpriority=\"high\" decoding=\"async\" width=\"2560\" height=\"1440\" src=\"https:\/\/b-c-u.com\/wp-content\/uploads\/2024\/02\/FSP-test-Medizin-scaled.jpg\" class=\"attachment-full size-full wp-image-353\" alt=\"\" srcset=\"https:\/\/b-c-u.com\/wp-content\/uploads\/2024\/02\/FSP-test-Medizin-scaled.jpg 2560w, https:\/\/b-c-u.com\/wp-content\/uploads\/2024\/02\/FSP-test-Medizin-1536x864.jpg 1536w, https:\/\/b-c-u.com\/wp-content\/uploads\/2024\/02\/FSP-test-Medizin-2048x1152.jpg 2048w, https:\/\/b-c-u.com\/wp-content\/uploads\/2024\/02\/FSP-test-Medizin-200x113.jpg 200w\" \/><\/figure><div class=\"elementor-image-box-content\"><h3 class=\"elementor-image-box-title\">C1 Fachsprachpr\u00fcfung Medizin (FSP)<\/h3><p class=\"elementor-image-box-description\">\n\n<\/p><\/div><\/div>\t\t<\/div>\n\t\t\t\t<\/div>\n\t\t\t\t\t<\/div>\n\t\t<\/div>\n\t\t\t\t\t<\/div>\n\t\t<\/section>\n\t\t\t\t<section class=\"elementor-section elementor-top-section elementor-element elementor-element-58506da elementor-section-boxed elementor-section-height-default elementor-section-height-default\" data-id=\"58506da\" data-element_type=\"section\">\n\t\t\t\t\t\t<div class=\"elementor-container elementor-column-gap-default\">\n\t\t\t\t\t<div class=\"aux-parallax-section elementor-column elementor-col-100 elementor-top-column elementor-element elementor-element-8b01492\" data-id=\"8b01492\" data-element_type=\"column\">\n\t\t\t<div class=\"elementor-widget-wrap elementor-element-populated\">\n\t\t\t\t\t\t<div class=\"elementor-element elementor-element-fb672c2 elementor-widget elementor-widget-aux_modern_heading\" data-id=\"fb672c2\" data-element_type=\"widget\" data-widget_type=\"aux_modern_heading.default\">\n\t\t\t\t<div class=\"elementor-widget-container\">\n\t\t\t<section class=\"aux-widget-modern-heading\">\n            <div class=\"aux-widget-inner\"><h2 class=\"aux-modern-heading-primary\">Gezieltes Pr\u00fcfungstraining f\u00fcr die C1 Fachsprachpr\u00fcfung Medizin (FSP) \n<\/h2><div class=\"aux-modern-heading-divider\"><\/div><\/div>\n        <\/section>\t\t<\/div>\n\t\t\t\t<\/div>\n\t\t\t\t\t<\/div>\n\t\t<\/div>\n\t\t\t\t\t<\/div>\n\t\t<\/section>\n\t\t\t\t<section class=\"elementor-section elementor-top-section elementor-element elementor-element-18564d8 elementor-section-boxed elementor-section-height-default elementor-section-height-default\" data-id=\"18564d8\" data-element_type=\"section\">\n\t\t\t\t\t\t<div class=\"elementor-container elementor-column-gap-default\">\n\t\t\t\t\t<div class=\"aux-parallax-section elementor-column elementor-col-100 elementor-top-column elementor-element elementor-element-224d593f\" data-id=\"224d593f\" data-element_type=\"column\">\n\t\t\t<div class=\"elementor-widget-wrap elementor-element-populated\">\n\t\t\t\t\t\t<div class=\"elementor-element elementor-element-5ea16aa8 elementor-widget elementor-widget-text-editor\" data-id=\"5ea16aa8\" data-element_type=\"widget\" data-widget_type=\"text-editor.default\">\n\t\t\t\t<div class=\"elementor-widget-container\">\n\t\t\t\t\t\t\t<ul><li>Sie besitzen ein B2-Zertifikat.<\/li><li>beherrschen die Fachterminologie dank eines Kurses B2 C1 Medizin \u2022 und verf\u00fcgen \u00fcber ausreichende klinische Erfahrung, um diese sehr\u00a0 anspruchsvolle <strong>C1 Fachsprachpr\u00fcfung <\/strong>zu bestehen.<\/li><\/ul>\t\t\t\t\t\t<\/div>\n\t\t\t\t<\/div>\n\t\t\t\t<div class=\"elementor-element elementor-element-95aca29 elementor-widget elementor-widget-text-editor\" data-id=\"95aca29\" data-element_type=\"widget\" data-widget_type=\"text-editor.default\">\n\t\t\t\t<div class=\"elementor-widget-container\">\n\t\t\t\t\t\t\t<p>Dann sind Sie bereit f\u00fcr unser\u00a0<strong>2\u00d73-t\u00e4giges FSP-Pr\u00fcfungstraining mit insgesamt 40\u00a0 Unterrichtseinheiten (UE) <\/strong> zur gezielten Vorbereitung auf die <strong>C1 Fachsprachenpr\u00fcfung <\/strong>der Landes\u00e4rztekammern.\u00a0<\/p>\t\t\t\t\t\t<\/div>\n\t\t\t\t<\/div>\n\t\t\t\t<div class=\"elementor-element elementor-element-509c75c elementor-widget elementor-widget-text-editor\" data-id=\"509c75c\" data-element_type=\"widget\" data-widget_type=\"text-editor.default\">\n\t\t\t\t<div class=\"elementor-widget-container\">\n\t\t\t\t\t\t\t<p><strong>In diesem FSP-Crashkurs bearbeiten Sie intensiv die drei Pr\u00fcfungsteile mit unserem\u00a0 neuen Konzept:\u00a0<\/strong><\/p>\t\t\t\t\t\t<\/div>\n\t\t\t\t<\/div>\n\t\t\t\t<div class=\"elementor-element elementor-element-8314268 elementor-widget elementor-widget-text-editor\" data-id=\"8314268\" data-element_type=\"widget\" data-widget_type=\"text-editor.default\">\n\t\t\t\t<div class=\"elementor-widget-container\">\n\t\t\t\t\t\t\t<p>1. Arzt-Patienten-Gespr\u00e4ch (Anamnese)\u00a0<\/p><p>2. Verfassen eines Arztbriefes (Dokumentation)\u00a0<\/p><p>3. Arzt-Arzt-Gespr\u00e4ch (Anwendung der Fachterminologie)\u00a0<\/p>\t\t\t\t\t\t<\/div>\n\t\t\t\t<\/div>\n\t\t\t\t<div class=\"elementor-element elementor-element-7b76036d elementor-widget elementor-widget-text-editor\" data-id=\"7b76036d\" data-element_type=\"widget\" data-widget_type=\"text-editor.default\">\n\t\t\t\t<div class=\"elementor-widget-container\">\n\t\t\t\t\t\t\t<p><strong>Neu ist:<\/strong><\/p><p>Alle Teilnehmenden (TN) werden der Reihe nach mehrmals individuell\u00a0 \u201egetestet\u201c &amp; auf Wunsch gefilmt, um anschlie\u00dfend gemeinsam mit unseren klinisch\u00a0 erfahrenen Lehrkr\u00e4ften jeden Testdurchlauf zu diskutieren &amp; zu evaluieren. Durch\u00a0diese interaktive Trainingsform erleben Sie mehrere Pr\u00fcfungssituationen in einem\u00a0vertrauten Kreis, Sie erhalten &amp; geben konstruktives Feedback &amp; verlieren so Ihre\u00a0Pr\u00fcfungs\u00e4ngste. Denn Ihr inhaltliches &amp; mental sicheres Auftreten tr\u00e4gt ganz\u00a0entscheidend zu Ihrem Erfolg bei.\u00a0<\/p>\t\t\t\t\t\t<\/div>\n\t\t\t\t<\/div>\n\t\t\t\t<div class=\"elementor-element elementor-element-e5a4166 elementor-widget elementor-widget-text-editor\" data-id=\"e5a4166\" data-element_type=\"widget\" data-widget_type=\"text-editor.default\">\n\t\t\t\t<div class=\"elementor-widget-container\">\n\t\t\t\t\t\t\t<p><strong>Hier die wichtigsten Informationen zu unserem neuen FSP-Training:<\/strong><\/p><p>\u2022 Zwei 3-t\u00e4gige Workshops mit jeweils 20UE \u00e0 45 Min. pro Workshop = 40UE\u00a0 insgesamt\u00a0<\/p><p>\u2022 Gezieltes interaktives Pr\u00fcfungstraining mit Video-Aufzeichnungen auf Wunsch<\/p><p>\u2022 Kleingruppe mit 4-6 Teilnehmenden (TN)\u00a0<\/p><p>\u2022 Pr\u00e4senztraining plus Online-Training f\u00fcr externe TN\u00a0<\/p><p>\u2022 Trainer: Ein erfahrener Mediziner mit Pr\u00fcferqualifikation\u00a0<\/p><p>\u2022 Kursmaterial inklusive\u00a0<\/p><p>\u2022 Termine nach Vereinbarung\u00a0<\/p>\t\t\t\t\t\t<\/div>\n\t\t\t\t<\/div>\n\t\t\t\t<div class=\"elementor-element elementor-element-555b180 elementor-widget elementor-widget-text-editor\" data-id=\"555b180\" data-element_type=\"widget\" data-widget_type=\"text-editor.default\">\n\t\t\t\t<div class=\"elementor-widget-container\">\n\t\t\t\t\t\t\t<p><strong>Ablauf:<\/strong><\/p><ul><li>Freitag: 13.00 \u2013 16.30 * + 17.00 \u2013 18.30 = 6UE\u00a0<\/li><li>Samstag: 9.00 \u2013 12.30* + 13.30 \u2013 17.00* = 8UE\u00a0<\/li><li>Sonntag: 10.00 \u2013 13.30* + 14.15 \u2013 16.00*= 6UE<\/li><\/ul><p><em>*\u00a0inkl. Pause 30 bzw. 15 Min. <\/em><\/p>\t\t\t\t\t\t<\/div>\n\t\t\t\t<\/div>\n\t\t\t\t\t<\/div>\n\t\t<\/div>\n\t\t\t\t\t<\/div>\n\t\t<\/section>\n\t\t\t\t<section class=\"elementor-section elementor-top-section elementor-element elementor-element-2331f01b elementor-section-boxed elementor-section-height-default elementor-section-height-default\" data-id=\"2331f01b\" data-element_type=\"section\">\n\t\t\t\t\t\t<div class=\"elementor-container elementor-column-gap-default\">\n\t\t\t\t\t<div class=\"aux-parallax-section elementor-column elementor-col-100 elementor-top-column elementor-element elementor-element-254acafe\" data-id=\"254acafe\" data-element_type=\"column\">\n\t\t\t<div class=\"elementor-widget-wrap elementor-element-populated\">\n\t\t\t\t\t\t<div class=\"elementor-element elementor-element-3769d9d2 elementor-widget elementor-widget-heading\" data-id=\"3769d9d2\" data-element_type=\"widget\" data-widget_type=\"heading.default\">\n\t\t\t\t<div class=\"elementor-widget-container\">\n\t\t\t<h4 class=\"elementor-heading-title elementor-size-default\"> Preis: F\u00fcr Kleingruppe mit 4-6 TN 545\u20ac* pro TN <\/h4>\t\t<\/div>\n\t\t\t\t<\/div>\n\t\t\t\t\t<\/div>\n\t\t<\/div>\n\t\t\t\t\t<\/div>\n\t\t<\/section>\n\t\t\t\t<section class=\"elementor-section elementor-top-section elementor-element elementor-element-ffe6baf elementor-section-boxed elementor-section-height-default elementor-section-height-default\" data-id=\"ffe6baf\" data-element_type=\"section\">\n\t\t\t\t\t\t<div class=\"elementor-container elementor-column-gap-default\">\n\t\t\t\t\t<div class=\"aux-parallax-section elementor-column elementor-col-100 elementor-top-column elementor-element elementor-element-44c98cf\" data-id=\"44c98cf\" data-element_type=\"column\">\n\t\t\t<div class=\"elementor-widget-wrap elementor-element-populated\">\n\t\t\t\t\t\t<div class=\"elementor-element elementor-element-17895ab elementor-widget elementor-widget-aux_button\" data-id=\"17895ab\" data-element_type=\"widget\" data-widget_type=\"aux_button.default\">\n\t\t\t\t<div class=\"elementor-widget-container\">\n\t\t\t<a  href=\"https:\/\/b-c-u.com\/index.php\/de-kontakt\/\" target=\"_self\"   class=\"aux-button aux-large aux-carmine-pink aux-round aux-none aux-uppercase\" ><span class=\"aux-overlay\"><\/span><span class=\"aux-text\">Anmelden<\/span><\/a>\t\t<\/div>\n\t\t\t\t<\/div>\n\t\t\t\t\t<\/div>\n\t\t<\/div>\n\t\t\t\t\t<\/div>\n\t\t<\/section>\n\t\t\t\t<\/div>\n\t\t","protected":false},"excerpt":{"rendered":"<p>C1 Fachsprachpr\u00fcfung Medizin (FSP) Gezieltes Pr\u00fcfungstraining f\u00fcr die C1 Fachsprachpr\u00fcfung Medizin (FSP) Sie besitzen ein B2-Zertifikat. beherrschen die Fachterminologie dank eines Kurses B2 C1 Medizin \u2022 und verf\u00fcgen \u00fcber ausreichende klinische Erfahrung, um diese sehr\u00a0 anspruchsvolle C1 Fachsprachpr\u00fcfung zu bestehen. Dann sind Sie bereit f\u00fcr unser\u00a02\u00d73-t\u00e4giges FSP-Pr\u00fcfungstraining mit insgesamt 40\u00a0 Unterrichtseinheiten (UE) zur gezielten Vorbereitung [&hellip;]<\/p>\n","protected":false},"author":1,"featured_media":0,"parent":0,"menu_order":0,"comment_status":"closed","ping_status":"closed","template":"","meta":{"footnotes":""},"_links":{"self":[{"href":"https:\/\/b-c-u.com\/index.php\/wp-json\/wp\/v2\/pages\/338"}],"collection":[{"href":"https:\/\/b-c-u.com\/index.php\/wp-json\/wp\/v2\/pages"}],"about":[{"href":"https:\/\/b-c-u.com\/index.php\/wp-json\/wp\/v2\/types\/page"}],"author":[{"embeddable":true,"href":"https:\/\/b-c-u.com\/index.php\/wp-json\/wp\/v2\/users\/1"}],"replies":[{"embeddable":true,"href":"https:\/\/b-c-u.com\/index.php\/wp-json\/wp\/v2\/comments?post=338"}],"version-history":[{"count":16,"href":"https:\/\/b-c-u.com\/index.php\/wp-json\/wp\/v2\/pages\/338\/revisions"}],"predecessor-version":[{"id":650,"href":"https:\/\/b-c-u.com\/index.php\/wp-json\/wp\/v2\/pages\/338\/revisions\/650"}],"wp:attachment":[{"href":"https:\/\/b-c-u.com\/index.php\/wp-json\/wp\/v2\/media?parent=338"}],"curies":[{"name":"wp","href":"https:\/\/api.w.org\/{rel}","templated":true}]}}